{"id":2053,"date":"2024-11-04T23:07:54","date_gmt":"2024-11-04T23:07:54","guid":{"rendered":"https:\/\/bh.digitalmarketsolution.com\/termes-et-conditions\/"},"modified":"2024-11-04T23:07:54","modified_gmt":"2024-11-04T23:07:54","slug":"termes-et-conditions","status":"publish","type":"page","link":"http:\/\/blessedhoops.com\/fr\/termes-et-conditions\/","title":{"rendered":"Termes et conditions"},"content":{"rendered":"<p><div class=\"fusion-fullwidth fullwidth-box fusion-builder-row-1 fusion-flex-container has-pattern-background has-mask-background fusion-parallax-none hundred-percent-fullwidth non-hundred-percent-height-scrolling\" style=\"--awb-background-position:center bottom;--awb-background-position-small:right bottom;--awb-border-radius-top-left:0px;--awb-border-radius-top-right:0px;--awb-border-radius-bottom-right:0px;--awb-border-radius-bottom-left:0px;--awb-padding-top:181px;--awb-padding-right:150px;--awb-padding-bottom:379px;--awb-padding-left:150px;--awb-padding-top-medium:140px;--awb-padding-right-medium:70px;--awb-padding-bottom-medium:268px;--awb-padding-left-medium:70px;--awb-padding-top-small:120px;--awb-padding-right-small:30px;--awb-padding-bottom-small:297px;--awb-padding-left-small:30px;--awb-background-image:url(&quot;https:\/\/blessedhoops.com\/wp-content\/uploads\/2024\/05\/Association-banner.jpg&quot;);--awb-background-size:cover;--awb-flex-wrap:wrap;\" ><div class=\"fusion-builder-row fusion-row fusion-flex-align-items-flex-start fusion-flex-justify-content-center fusion-flex-content-wrap\" style=\"width:104% !important;max-width:104% !important;margin-left: calc(-4% \/ 2 );margin-right: calc(-4% \/ 2 );\"><div class=\"fusion-layout-column fusion_builder_column fusion-builder-column-0 fusion_builder_column_1_1 1_1 fusion-flex-column\" style=\"--awb-padding-right-small:0px;--awb-bg-size:cover;--awb-width-large:100%;--awb-margin-top-large:0px;--awb-spacing-right-large:1.824%;--awb-margin-bottom-large:20px;--awb-spacing-left-large:1.92%;--awb-width-medium:100%;--awb-order-medium:0;--awb-spacing-right-medium:1.824%;--awb-spacing-left-medium:1.92%;--awb-width-small:100%;--awb-order-small:0;--awb-spacing-right-small:1.92%;--awb-spacing-left-small:1.92%;\"><div class=\"fusion-column-wrapper fusion-column-has-shadow fusion-flex-justify-content-flex-start fusion-content-layout-column\"><div class=\"fusion-title title fusion-title-1 fusion-sep-none fusion-title-center fusion-title-text fusion-title-size-two\" style=\"--awb-text-color:#ffffff;--awb-font-size:45px;\"><h2 class=\"fusion-title-heading title-heading-center\" style=\"margin:0;font-size:1em;letter-spacing:6px;text-transform:uppercase;line-height:1.4;\">Termes et conditions<\/h2><\/div><\/div><\/div><\/div><\/div><div class=\"fusion-fullwidth fullwidth-box fusion-builder-row-2 fusion-flex-container has-pattern-background has-mask-background hundred-percent-fullwidth non-hundred-percent-height-scrolling fusion-custom-z-index\" style=\"--awb-border-radius-top-left:0px;--awb-border-radius-top-right:0px;--awb-border-radius-bottom-right:0px;--awb-border-radius-bottom-left:0px;--awb-z-index:40;--awb-padding-top:17px;--awb-padding-right:0px;--awb-padding-bottom:50px;--awb-padding-left:0px;--awb-padding-top-medium:0px;--awb-padding-right-medium:0px;--awb-padding-bottom-medium:100px;--awb-padding-left-medium:0px;--awb-padding-top-small:50px;--awb-padding-right-small:30px;--awb-padding-bottom-small:50px;--awb-padding-left-small:30px;--awb-margin-top-small:-120px;--awb-background-color:#ffffff;--awb-flex-wrap:wrap;\" ><div class=\"fusion-builder-row fusion-row fusion-flex-align-items-flex-start fusion-flex-justify-content-center fusion-flex-content-wrap\" style=\"width:104% !important;max-width:104% !important;margin-left: calc(-4% \/ 2 );margin-right: calc(-4% \/ 2 );\"><div class=\"fusion-layout-column fusion_builder_column fusion-builder-column-1 fusion_builder_column_3_4 3_4 fusion-flex-column\" style=\"--awb-padding-right-medium:0px;--awb-padding-left-medium:0px;--awb-padding-right-small:0px;--awb-padding-left-small:0px;--awb-bg-size:cover;--awb-width-large:75%;--awb-margin-top-large:0px;--awb-spacing-right-large:2.56%;--awb-margin-bottom-large:0px;--awb-spacing-left-large:2.56%;--awb-width-medium:83.333333333333%;--awb-order-medium:0;--awb-spacing-right-medium:2.304%;--awb-spacing-left-medium:2.304%;--awb-width-small:100%;--awb-order-small:0;--awb-spacing-right-small:1.92%;--awb-margin-bottom-small:0px;--awb-spacing-left-small:1.92%;\" data-scroll-devices=\"small-visibility,medium-visibility,large-visibility\"><div class=\"fusion-column-wrapper fusion-column-has-shadow fusion-flex-justify-content-flex-start fusion-content-layout-column\"><div class=\"fusion-text fusion-text-1 fusion-text-no-margin\" style=\"--awb-content-alignment:left;--awb-font-size:2.92vh;--awb-margin-bottom:0px;\"><h2>CONDITIONS G\u00c9N\u00c9RALES POUR LE CAMPS BLESSED HOOPS :<\/h2>\n<p><strong>Sant\u00e9 et s\u00e9curit\u00e9 :<\/strong><\/p>\n<p>a. Les participants doivent divulguer toute condition m\u00e9dicale pr\u00e9existante ou blessure avant le d\u00e9but du camp.<br \/> b. En cas de maladie ou de blessure pendant le camp, les participants sont responsables de rechercher une assistance m\u00e9dicale appropri\u00e9e.<br \/> c. Notre camp ne fournit pas de couverture d&rsquo;assurance m\u00e9dicale. Il est conseill\u00e9 aux participants de s&rsquo;assurer qu&rsquo;ils disposent d&rsquo;une assurance m\u00e9dicale ad\u00e9quate pour couvrir les frais m\u00e9dicaux encourus pendant le camp.<\/p>\n<p><strong>Politique d&rsquo;annulation :<\/strong><\/p>\n<p>a. Un remboursement int\u00e9gral sera accord\u00e9 pour les annulations effectu\u00e9es au moins 30 jours avant le d\u00e9but du camp.<\/p>\n<p>b. Aucun remboursement ne sera accord\u00e9 pour les annulations effectu\u00e9es dans les 30 jours pr\u00e9c\u00e9dant le d\u00e9but du camp, et le montant total sera d\u00fb.<\/p>\n<p><strong>Code de conduite :<\/strong><\/p>\n<p>a. Les participants sont tenus de respecter les r\u00e8gles et r\u00e8glements \u00e9tablis par les organisateurs du camp.<br \/> b. Tout comportement perturbateur ou violation des r\u00e8gles du camp peut entra\u00eener l&rsquo;exclusion du camp sans remboursement.<\/p>\n<p><strong>Exon\u00e9ration de responsabilit\u00e9 :<\/strong><\/p>\n<p>a. La participation au camp de basketball comporte des risques inh\u00e9rents, y compris mais sans s&rsquo;y limiter, les blessures physiques. En s&rsquo;inscrivant au camp, les participants reconnaissent et acceptent ces risques.<br \/> b. Les organisateurs du camp, les entra\u00eeneurs et le personnel ne seront pas tenus responsables des blessures, dommages ou pertes survenus pendant le camp.<br \/> En vous inscrivant au camp de basketball, les participants acceptent de respecter les conditions g\u00e9n\u00e9rales ci-dessus. Les organisateurs du camp se r\u00e9servent le droit de modifier ou de mettre \u00e0 jour ces conditions g\u00e9n\u00e9rales \u00e0 tout moment sans pr\u00e9avis.<\/p>\n<\/div><\/div><\/div><\/div><\/div><\/p>\n","protected":false},"excerpt":{"rendered":"","protected":false},"author":2,"featured_media":0,"parent":0,"menu_order":0,"comment_status":"closed","ping_status":"closed","template":"100-width.php","meta":{"inline_featured_image":false,"footnotes":""},"class_list":["post-2053","page","type-page","status-publish","hentry"],"yoast_head":"<!-- This site is optimized with the Yoast SEO plugin v25.9 - https:\/\/yoast.com\/wordpress\/plugins\/seo\/ -->\n<title>Termes et conditions - Blessed Hoops Camps<\/title>\n<meta name=\"robots\" content=\"index, follow, max-snippet:-1, max-image-preview:large, max-video-preview:-1\" \/>\n<link rel=\"canonical\" href=\"http:\/\/blessedhoops.com\/fr\/termes-et-conditions\/\" \/>\n<meta property=\"og:locale\" content=\"fr_FR\" \/>\n<meta property=\"og:type\" content=\"article\" \/>\n<meta property=\"og:title\" content=\"Termes et conditions - Blessed Hoops Camps\" \/>\n<meta property=\"og:url\" content=\"http:\/\/blessedhoops.com\/fr\/termes-et-conditions\/\" \/>\n<meta property=\"og:site_name\" content=\"Blessed Hoops Camps\" \/>\n<meta name=\"twitter:card\" content=\"summary_large_image\" \/>\n<meta name=\"twitter:label1\" content=\"Dur\u00e9e de lecture estim\u00e9e\" \/>\n\t<meta name=\"twitter:data1\" content=\"8 minutes\" \/>\n<script type=\"application\/ld+json\" class=\"yoast-schema-graph\">{\"@context\":\"https:\/\/schema.org\",\"@graph\":[{\"@type\":\"WebPage\",\"@id\":\"http:\/\/blessedhoops.com\/fr\/termes-et-conditions\/\",\"url\":\"http:\/\/blessedhoops.com\/fr\/termes-et-conditions\/\",\"name\":\"Termes et conditions - Blessed Hoops Camps\",\"isPartOf\":{\"@id\":\"http:\/\/blessedhoops.com\/fr\/#website\"},\"datePublished\":\"2024-11-04T23:07:54+00:00\",\"breadcrumb\":{\"@id\":\"http:\/\/blessedhoops.com\/fr\/termes-et-conditions\/#breadcrumb\"},\"inLanguage\":\"fr-FR\",\"potentialAction\":[{\"@type\":\"ReadAction\",\"target\":[\"http:\/\/blessedhoops.com\/fr\/termes-et-conditions\/\"]}]},{\"@type\":\"BreadcrumbList\",\"@id\":\"http:\/\/blessedhoops.com\/fr\/termes-et-conditions\/#breadcrumb\",\"itemListElement\":[{\"@type\":\"ListItem\",\"position\":1,\"name\":\"Home\",\"item\":\"http:\/\/blessedhoops.com\/fr\/\"},{\"@type\":\"ListItem\",\"position\":2,\"name\":\"Termes et conditions\"}]},{\"@type\":\"WebSite\",\"@id\":\"http:\/\/blessedhoops.com\/fr\/#website\",\"url\":\"http:\/\/blessedhoops.com\/fr\/\",\"name\":\"Blessed Hoops Camps\",\"description\":\"\",\"potentialAction\":[{\"@type\":\"SearchAction\",\"target\":{\"@type\":\"EntryPoint\",\"urlTemplate\":\"http:\/\/blessedhoops.com\/fr\/?s={search_term_string}\"},\"query-input\":{\"@type\":\"PropertyValueSpecification\",\"valueRequired\":true,\"valueName\":\"search_term_string\"}}],\"inLanguage\":\"fr-FR\"}]}<\/script>\n<!-- \/ Yoast SEO plugin. -->","yoast_head_json":{"title":"Termes et conditions - Blessed Hoops Camps","robots":{"index":"index","follow":"follow","max-snippet":"max-snippet:-1","max-image-preview":"max-image-preview:large","max-video-preview":"max-video-preview:-1"},"canonical":"http:\/\/blessedhoops.com\/fr\/termes-et-conditions\/","og_locale":"fr_FR","og_type":"article","og_title":"Termes et conditions - Blessed Hoops Camps","og_url":"http:\/\/blessedhoops.com\/fr\/termes-et-conditions\/","og_site_name":"Blessed Hoops Camps","twitter_card":"summary_large_image","twitter_misc":{"Dur\u00e9e de lecture estim\u00e9e":"8 minutes"},"schema":{"@context":"https:\/\/schema.org","@graph":[{"@type":"WebPage","@id":"http:\/\/blessedhoops.com\/fr\/termes-et-conditions\/","url":"http:\/\/blessedhoops.com\/fr\/termes-et-conditions\/","name":"Termes et conditions - Blessed Hoops Camps","isPartOf":{"@id":"http:\/\/blessedhoops.com\/fr\/#website"},"datePublished":"2024-11-04T23:07:54+00:00","breadcrumb":{"@id":"http:\/\/blessedhoops.com\/fr\/termes-et-conditions\/#breadcrumb"},"inLanguage":"fr-FR","potentialAction":[{"@type":"ReadAction","target":["http:\/\/blessedhoops.com\/fr\/termes-et-conditions\/"]}]},{"@type":"BreadcrumbList","@id":"http:\/\/blessedhoops.com\/fr\/termes-et-conditions\/#breadcrumb","itemListElement":[{"@type":"ListItem","position":1,"name":"Home","item":"http:\/\/blessedhoops.com\/fr\/"},{"@type":"ListItem","position":2,"name":"Termes et conditions"}]},{"@type":"WebSite","@id":"http:\/\/blessedhoops.com\/fr\/#website","url":"http:\/\/blessedhoops.com\/fr\/","name":"Blessed Hoops Camps","description":"","potentialAction":[{"@type":"SearchAction","target":{"@type":"EntryPoint","urlTemplate":"http:\/\/blessedhoops.com\/fr\/?s={search_term_string}"},"query-input":{"@type":"PropertyValueSpecification","valueRequired":true,"valueName":"search_term_string"}}],"inLanguage":"fr-FR"}]}},"_links":{"self":[{"href":"http:\/\/blessedhoops.com\/fr\/wp-json\/wp\/v2\/pages\/2053","targetHints":{"allow":["GET"]}}],"collection":[{"href":"http:\/\/blessedhoops.com\/fr\/wp-json\/wp\/v2\/pages"}],"about":[{"href":"http:\/\/blessedhoops.com\/fr\/wp-json\/wp\/v2\/types\/page"}],"author":[{"embeddable":true,"href":"http:\/\/blessedhoops.com\/fr\/wp-json\/wp\/v2\/users\/2"}],"replies":[{"embeddable":true,"href":"http:\/\/blessedhoops.com\/fr\/wp-json\/wp\/v2\/comments?post=2053"}],"version-history":[{"count":2,"href":"http:\/\/blessedhoops.com\/fr\/wp-json\/wp\/v2\/pages\/2053\/revisions"}],"predecessor-version":[{"id":2055,"href":"http:\/\/blessedhoops.com\/fr\/wp-json\/wp\/v2\/pages\/2053\/revisions\/2055"}],"wp:attachment":[{"href":"http:\/\/blessedhoops.com\/fr\/wp-json\/wp\/v2\/media?parent=2053"}],"curies":[{"name":"wp","href":"https:\/\/api.w.org\/{rel}","templated":true}]}}